{"id":477,"date":"2021-11-11T09:47:34","date_gmt":"2021-11-11T08:47:34","guid":{"rendered":"https:\/\/psychosexo-therapie.com\/?page_id=477"},"modified":"2021-12-11T16:22:06","modified_gmt":"2021-12-11T15:22:06","slug":"blog","status":"publish","type":"page","link":"https:\/\/psychosexo-therapie.com\/index.php\/blog\/","title":{"rendered":"Blog"},"content":{"rendered":"\t\t<div data-elementor-type=\"wp-page\" data-elementor-id=\"477\" class=\"elementor elementor-477\" data-elementor-post-type=\"page\">\n\t\t\t\t\t\t<section class=\"elementor-section elementor-top-section elementor-element elementor-element-66471189 elementor-section-full_width elementor-section-height-min-height elementor-section-items-stretch elementor-section-content-middle elementor-reverse-mobile elementor-reverse-tablet elementor-section-height-default\" data-id=\"66471189\" data-element_type=\"section\" data-e-type=\"section\">\n\t\t\t\t\t\t<div class=\"elementor-container elementor-column-gap-no\">\n\t\t\t\t\t<div class=\"elementor-column elementor-col-50 elementor-top-column elementor-element elementor-element-21916f8b\" data-id=\"21916f8b\" data-element_type=\"column\" data-e-type=\"column\">\n\t\t\t<div class=\"elementor-widget-wrap elementor-element-populated\">\n\t\t\t\t\t\t<div class=\"elementor-element elementor-element-38943541 elementor-view-stacked elementor-shape-square elementor-widget__width-auto elementor-absolute elementor-hidden-tablet elementor-hidden-phone elementor-invisible elementor-widget elementor-widget-icon\" data-id=\"38943541\" data-element_type=\"widget\" data-e-type=\"widget\" data-settings=\"{&quot;_position&quot;:&quot;absolute&quot;,&quot;_animation&quot;:&quot;fadeInDown&quot;,&quot;_animation_delay&quot;:&quot;500&quot;}\" data-widget_type=\"icon.default\">\n\t\t\t\t<div class=\"elementor-widget-container\">\n\t\t\t\t\t\t\t<div class=\"elementor-icon-wrapper\">\n\t\t\t<a class=\"elementor-icon\" href=\"#postgrid\">\n\t\t\t<svg xmlns=\"http:\/\/www.w3.org\/2000\/svg\" id=\"f25b46f8-6104-47c9-8f1f-d4f0f5a5a4ab\" data-name=\"Layer 1\" viewBox=\"0 0 29.6836 21.0205\"><g id=\"a26fc822-5ffa-4744-a954-69ee883c57fc\" data-name=\"Page-1\"><g id=\"e7225c7b-e0fd-4e80-862e-e0b5dc4817dd\" data-name=\"Homepage\"><g id=\"ff265e74-3d0d-41f0-8578-c6f49acc811d\" data-name=\"Hero-Section\"><g id=\"f51052c6-0c6f-4c17-be34-45f176eaa2d4\" data-name=\"Arrow\"><g id=\"feb9d568-7c65-469c-be1c-4c66f6fe508c\" data-name=\"Group-4\"><g id=\"bc1b2d43-18f4-4c4a-9ddb-f8784f1f793b\" data-name=\"Group-3\"><g id=\"ebcd3d89-a5d2-4028-bcf3-30228da45525\" data-name=\"Path-5\"><polygon points=\"14.63 21.021 0 10.824 0.572 10.004 14.638 19.808 29.123 10 29.684 10.828 14.63 21.021\"><\/polygon><\/g><\/g><g id=\"b8abb5e9-6116-405e-a9bd-8494dc15aaf6\" data-name=\"Group-3-Copy\"><g id=\"b94158a1-d237-43ab-9444-47634c5b7092\" data-name=\"Path-5\"><polygon points=\"14.63 11.021 0 0.824 0.572 0.004 14.638 9.808 29.123 0 29.684 0.828 14.63 11.021\"><\/polygon><\/g><\/g><\/g><\/g><\/g><\/g><\/g><\/svg>\t\t\t<\/a>\n\t\t<\/div>\n\t\t\t\t\t\t<\/div>\n\t\t\t\t<\/div>\n\t\t\t\t\t<\/div>\n\t\t<\/div>\n\t\t\t\t<div class=\"elementor-column elementor-col-50 elementor-top-column elementor-element elementor-element-20a8fd7f\" data-id=\"20a8fd7f\" data-element_type=\"column\" data-e-type=\"column\" data-settings=\"{&quot;background_background&quot;:&quot;classic&quot;}\">\n\t\t\t<div class=\"elementor-widget-wrap elementor-element-populated\">\n\t\t\t\t\t\t<div class=\"elementor-element elementor-element-30cc9519 elementor-widget elementor-widget-spacer\" data-id=\"30cc9519\" data-element_type=\"widget\" data-e-type=\"widget\" data-widget_type=\"spacer.default\">\n\t\t\t\t<div class=\"elementor-widget-container\">\n\t\t\t\t\t\t\t<div class=\"elementor-spacer\">\n\t\t\t<div class=\"elementor-spacer-inner\"><\/div>\n\t\t<\/div>\n\t\t\t\t\t\t<\/div>\n\t\t\t\t<\/div>\n\t\t\t\t\t<\/div>\n\t\t<\/div>\n\t\t\t\t\t<\/div>\n\t\t<\/section>\n\t\t\t\t<section class=\"elementor-section elementor-top-section elementor-element elementor-element-159aec07 elementor-section-full_width elementor-section-height-default elementor-section-height-default\" data-id=\"159aec07\" data-element_type=\"section\" data-e-type=\"section\" id=\"postgrid\">\n\t\t\t\t\t\t<div class=\"elementor-container elementor-column-gap-no\">\n\t\t\t\t\t<div class=\"elementor-column elementor-col-100 elementor-top-column elementor-element elementor-element-420b6a71\" data-id=\"420b6a71\" data-element_type=\"column\" data-e-type=\"column\">\n\t\t\t<div class=\"elementor-widget-wrap elementor-element-populated\">\n\t\t\t\t\t\t<div class=\"elementor-element elementor-element-bf9ada7 elementor-grid-3 elementor-grid-tablet-2 elementor-grid-mobile-1 elementor-posts--thumbnail-top elementor-widget elementor-widget-posts\" data-id=\"bf9ada7\" data-element_type=\"widget\" data-e-type=\"widget\" data-settings=\"{&quot;classic_columns&quot;:&quot;3&quot;,&quot;classic_columns_tablet&quot;:&quot;2&quot;,&quot;classic_columns_mobile&quot;:&quot;1&quot;,&quot;classic_row_gap&quot;:{&quot;unit&quot;:&quot;px&quot;,&quot;size&quot;:35,&quot;sizes&quot;:[]},&quot;classic_row_gap_tablet&quot;:{&quot;unit&quot;:&quot;px&quot;,&quot;size&quot;:&quot;&quot;,&quot;sizes&quot;:[]},&quot;classic_row_gap_mobile&quot;:{&quot;unit&quot;:&quot;px&quot;,&quot;size&quot;:&quot;&quot;,&quot;sizes&quot;:[]}}\" data-widget_type=\"posts.classic\">\n\t\t\t\t<div class=\"elementor-widget-container\">\n\t\t\t\t\t\t\t<div class=\"elementor-posts-container elementor-posts elementor-posts--skin-classic elementor-grid\" role=\"list\">\n\t\t\t\t<article class=\"elementor-post elementor-grid-item post-57 post type-post status-publish format-standard has-post-thumbnail hentry category-non-classe\" role=\"listitem\">\n\t\t\t\t<a class=\"elementor-post__thumbnail__link\" href=\"https:\/\/psychosexo-therapie.com\/index.php\/2021\/03\/05\/parenting-therapy\/\" tabindex=\"-1\" >\n\t\t\t<div class=\"elementor-post__thumbnail\"><img fetchpriority=\"high\" decoding=\"async\" width=\"300\" height=\"268\" src=\"https:\/\/psychosexo-therapie.com\/wp-content\/uploads\/2021\/11\/Parenthood-Therapy-featured-image-300x268.jpg\" class=\"attachment-medium size-medium wp-image-60\" alt=\"\" srcset=\"https:\/\/psychosexo-therapie.com\/wp-content\/uploads\/2021\/11\/Parenthood-Therapy-featured-image-300x268.jpg 300w, https:\/\/psychosexo-therapie.com\/wp-content\/uploads\/2021\/11\/Parenthood-Therapy-featured-image-768x686.jpg 768w, https:\/\/psychosexo-therapie.com\/wp-content\/uploads\/2021\/11\/Parenthood-Therapy-featured-image.jpg 958w\" sizes=\"(max-width: 300px) 100vw, 300px\" \/><\/div>\n\t\t<\/a>\n\t\t\t\t<div class=\"elementor-post__text\">\n\t\t\t\t<h3 class=\"elementor-post__title\">\n\t\t\t<a href=\"https:\/\/psychosexo-therapie.com\/index.php\/2021\/03\/05\/parenting-therapy\/\" >\n\t\t\t\tCe que la venue des enfants peut cr\u00e9er dans le couple\t\t\t<\/a>\n\t\t<\/h3>\n\t\t\t\t<div class=\"elementor-post__meta-data\">\n\t\t\t\t\t<span class=\"elementor-post-date\">\n\t\t\t5 March 2021\t\t<\/span>\n\t\t\t\t<\/div>\n\t\t\t\t<div class=\"elementor-post__excerpt\">\n\t\t\t<p>Ce que l\u2019on peut retenir c\u2019est que la question m\u00eame du d\u00e9sir d\u2019enfant, qu\u2019il soit r\u00e9alis\u00e9 ou non, impacte le couple.<\/p>\n\t\t<\/div>\n\t\t\n\t\t<a class=\"elementor-post__read-more\" href=\"https:\/\/psychosexo-therapie.com\/index.php\/2021\/03\/05\/parenting-therapy\/\" aria-label=\"Read more about Ce que la venue des enfants peut cr\u00e9er dans le couple\" tabindex=\"-1\" >\n\t\t\tLire la suite \u00bb\t\t<\/a>\n\n\t\t\t\t<\/div>\n\t\t\t\t<\/article>\n\t\t\t\t<article class=\"elementor-post elementor-grid-item post-53 post type-post status-publish format-standard has-post-thumbnail hentry category-non-classe\" role=\"listitem\">\n\t\t\t\t<a class=\"elementor-post__thumbnail__link\" href=\"https:\/\/psychosexo-therapie.com\/index.php\/2020\/05\/13\/complicite-couple\/\" tabindex=\"-1\" >\n\t\t\t<div class=\"elementor-post__thumbnail\"><img decoding=\"async\" width=\"300\" height=\"190\" src=\"https:\/\/psychosexo-therapie.com\/wp-content\/uploads\/2021\/11\/therapie-de-couple-300x190.jpg\" class=\"attachment-medium size-medium wp-image-323\" alt=\"\" srcset=\"https:\/\/psychosexo-therapie.com\/wp-content\/uploads\/2021\/11\/therapie-de-couple-300x190.jpg 300w, https:\/\/psychosexo-therapie.com\/wp-content\/uploads\/2021\/11\/therapie-de-couple-1024x648.jpg 1024w, https:\/\/psychosexo-therapie.com\/wp-content\/uploads\/2021\/11\/therapie-de-couple-768x486.jpg 768w, https:\/\/psychosexo-therapie.com\/wp-content\/uploads\/2021\/11\/therapie-de-couple-1536x972.jpg 1536w, https:\/\/psychosexo-therapie.com\/wp-content\/uploads\/2021\/11\/therapie-de-couple-2048x1296.jpg 2048w\" sizes=\"(max-width: 300px) 100vw, 300px\" \/><\/div>\n\t\t<\/a>\n\t\t\t\t<div class=\"elementor-post__text\">\n\t\t\t\t<h3 class=\"elementor-post__title\">\n\t\t\t<a href=\"https:\/\/psychosexo-therapie.com\/index.php\/2020\/05\/13\/complicite-couple\/\" >\n\t\t\t\tLa complicit\u00e9 dans le couple, le couple et la complicit\u00e9\t\t\t<\/a>\n\t\t<\/h3>\n\t\t\t\t<div class=\"elementor-post__meta-data\">\n\t\t\t\t\t<span class=\"elementor-post-date\">\n\t\t\t13 May 2020\t\t<\/span>\n\t\t\t\t<\/div>\n\t\t\t\t<div class=\"elementor-post__excerpt\">\n\t\t\t<p>Beaucoup pensent que la complicit\u00e9 est \u00e0 la base du couple. Il nous suffit de faire un d\u00e9tour par l\u2019une des plus vieilles \u00e9missions t\u00e9l\u00e9vis\u00e9es toujours existantes.<\/p>\n\t\t<\/div>\n\t\t\n\t\t<a class=\"elementor-post__read-more\" href=\"https:\/\/psychosexo-therapie.com\/index.php\/2020\/05\/13\/complicite-couple\/\" aria-label=\"Read more about La complicit\u00e9 dans le couple, le couple et la complicit\u00e9\" tabindex=\"-1\" >\n\t\t\tLire la suite \u00bb\t\t<\/a>\n\n\t\t\t\t<\/div>\n\t\t\t\t<\/article>\n\t\t\t\t<article class=\"elementor-post elementor-grid-item post-105 post type-post status-publish format-standard has-post-thumbnail hentry category-non-classe\" role=\"listitem\">\n\t\t\t\t<a class=\"elementor-post__thumbnail__link\" href=\"https:\/\/psychosexo-therapie.com\/index.php\/2020\/04\/06\/keeping-your-relationship-strong-during-the-quarantine\/\" tabindex=\"-1\" >\n\t\t\t<div class=\"elementor-post__thumbnail\"><img decoding=\"async\" width=\"300\" height=\"277\" src=\"https:\/\/psychosexo-therapie.com\/wp-content\/uploads\/2021\/11\/Keeping-Your-Relationship-Strong-300x277.jpg\" class=\"attachment-medium size-medium wp-image-108\" alt=\"\" srcset=\"https:\/\/psychosexo-therapie.com\/wp-content\/uploads\/2021\/11\/Keeping-Your-Relationship-Strong-300x277.jpg 300w, https:\/\/psychosexo-therapie.com\/wp-content\/uploads\/2021\/11\/Keeping-Your-Relationship-Strong.jpg 758w\" sizes=\"(max-width: 300px) 100vw, 300px\" \/><\/div>\n\t\t<\/a>\n\t\t\t\t<div class=\"elementor-post__text\">\n\t\t\t\t<h3 class=\"elementor-post__title\">\n\t\t\t<a href=\"https:\/\/psychosexo-therapie.com\/index.php\/2020\/04\/06\/keeping-your-relationship-strong-during-the-quarantine\/\" >\n\t\t\t\tConfinement et Sexualit\u00e9 by Troy\t\t\t<\/a>\n\t\t<\/h3>\n\t\t\t\t<div class=\"elementor-post__meta-data\">\n\t\t\t\t\t<span class=\"elementor-post-date\">\n\t\t\t6 April 2020\t\t<\/span>\n\t\t\t\t<\/div>\n\t\t\t\t<div class=\"elementor-post__excerpt\">\n\t\t\t<p>Dans le monde entier nous vivons une situation exceptionnelle, nous sommes contraints de rester chez nous avec notre partenaire ou rester seul \u00e0 la maison pour ceux qui sont c\u00e9libataires.<\/p>\n\t\t<\/div>\n\t\t\n\t\t<a class=\"elementor-post__read-more\" href=\"https:\/\/psychosexo-therapie.com\/index.php\/2020\/04\/06\/keeping-your-relationship-strong-during-the-quarantine\/\" aria-label=\"Read more about Confinement et Sexualit\u00e9 by Troy\" tabindex=\"-1\" >\n\t\t\tLire la suite \u00bb\t\t<\/a>\n\n\t\t\t\t<\/div>\n\t\t\t\t<\/article>\n\t\t\t\t<\/div>\n\t\t\n\t\t\t\t\t\t<\/div>\n\t\t\t\t<\/div>\n\t\t\t\t\t<\/div>\n\t\t<\/div>\n\t\t\t\t\t<\/div>\n\t\t<\/section>\n\t\t\t\t<\/div>\n\t\t","protected":false},"excerpt":{"rendered":"","protected":false},"author":1,"featured_media":0,"parent":0,"menu_order":0,"comment_status":"closed","ping_status":"closed","template":"","meta":{"footnotes":""},"class_list":["post-477","page","type-page","status-publish","hentry"],"yoast_head":"<!-- This site is optimized with the Yoast SEO plugin v27.4 - https:\/\/yoast.com\/product\/yoast-seo-wordpress\/ -->\n<title>Blog - Psychosexo-therapie<\/title>\n<meta name=\"robots\" content=\"index, follow, max-snippet:-1, max-image-preview:large, max-video-preview:-1\" \/>\n<link rel=\"canonical\" href=\"https:\/\/psychosexo-therapie.com\/index.php\/blog\/\" \/>\n<meta property=\"og:locale\" content=\"en_US\" \/>\n<meta property=\"og:type\" content=\"article\" \/>\n<meta property=\"og:title\" content=\"Blog - Psychosexo-therapie\" \/>\n<meta property=\"og:url\" content=\"https:\/\/psychosexo-therapie.com\/index.php\/blog\/\" \/>\n<meta property=\"og:site_name\" content=\"Psychosexo-therapie\" \/>\n<meta property=\"article:modified_time\" content=\"2021-12-11T15:22:06+00:00\" \/>\n<meta name=\"twitter:card\" content=\"summary_large_image\" \/>\n<script type=\"application\/ld+json\" class=\"yoast-schema-graph\">{\"@context\":\"https:\\\/\\\/schema.org\",\"@graph\":[{\"@type\":\"WebPage\",\"@id\":\"https:\\\/\\\/psychosexo-therapie.com\\\/index.php\\\/blog\\\/\",\"url\":\"https:\\\/\\\/psychosexo-therapie.com\\\/index.php\\\/blog\\\/\",\"name\":\"Blog - Psychosexo-therapie\",\"isPartOf\":{\"@id\":\"http:\\\/\\\/psychosexo-therapie.com\\\/#website\"},\"datePublished\":\"2021-11-11T08:47:34+00:00\",\"dateModified\":\"2021-12-11T15:22:06+00:00\",\"breadcrumb\":{\"@id\":\"https:\\\/\\\/psychosexo-therapie.com\\\/index.php\\\/blog\\\/#breadcrumb\"},\"inLanguage\":\"en-US\",\"potentialAction\":[{\"@type\":\"ReadAction\",\"target\":[\"https:\\\/\\\/psychosexo-therapie.com\\\/index.php\\\/blog\\\/\"]}]},{\"@type\":\"BreadcrumbList\",\"@id\":\"https:\\\/\\\/psychosexo-therapie.com\\\/index.php\\\/blog\\\/#breadcrumb\",\"itemListElement\":[{\"@type\":\"ListItem\",\"position\":1,\"name\":\"Accueil\",\"item\":\"http:\\\/\\\/psychosexo-therapie.com\\\/\"},{\"@type\":\"ListItem\",\"position\":2,\"name\":\"Blog\"}]},{\"@type\":\"WebSite\",\"@id\":\"http:\\\/\\\/psychosexo-therapie.com\\\/#website\",\"url\":\"http:\\\/\\\/psychosexo-therapie.com\\\/\",\"name\":\"Psychosexo-therapie\",\"description\":\"A votre \u00e9coute, je suis pr\u00eat \u00e0 vous accompagner \u00e0 travers vos difficult\u00e9s vers un changement. \",\"potentialAction\":[{\"@type\":\"SearchAction\",\"target\":{\"@type\":\"EntryPoint\",\"urlTemplate\":\"http:\\\/\\\/psychosexo-therapie.com\\\/?s={search_term_string}\"},\"query-input\":{\"@type\":\"PropertyValueSpecification\",\"valueRequired\":true,\"valueName\":\"search_term_string\"}}],\"inLanguage\":\"en-US\"}]}<\/script>\n<!-- \/ Yoast SEO plugin. -->","yoast_head_json":{"title":"Blog - Psychosexo-therapie","robots":{"index":"index","follow":"follow","max-snippet":"max-snippet:-1","max-image-preview":"max-image-preview:large","max-video-preview":"max-video-preview:-1"},"canonical":"https:\/\/psychosexo-therapie.com\/index.php\/blog\/","og_locale":"en_US","og_type":"article","og_title":"Blog - Psychosexo-therapie","og_url":"https:\/\/psychosexo-therapie.com\/index.php\/blog\/","og_site_name":"Psychosexo-therapie","article_modified_time":"2021-12-11T15:22:06+00:00","twitter_card":"summary_large_image","schema":{"@context":"https:\/\/schema.org","@graph":[{"@type":"WebPage","@id":"https:\/\/psychosexo-therapie.com\/index.php\/blog\/","url":"https:\/\/psychosexo-therapie.com\/index.php\/blog\/","name":"Blog - Psychosexo-therapie","isPartOf":{"@id":"http:\/\/psychosexo-therapie.com\/#website"},"datePublished":"2021-11-11T08:47:34+00:00","dateModified":"2021-12-11T15:22:06+00:00","breadcrumb":{"@id":"https:\/\/psychosexo-therapie.com\/index.php\/blog\/#breadcrumb"},"inLanguage":"en-US","potentialAction":[{"@type":"ReadAction","target":["https:\/\/psychosexo-therapie.com\/index.php\/blog\/"]}]},{"@type":"BreadcrumbList","@id":"https:\/\/psychosexo-therapie.com\/index.php\/blog\/#breadcrumb","itemListElement":[{"@type":"ListItem","position":1,"name":"Accueil","item":"http:\/\/psychosexo-therapie.com\/"},{"@type":"ListItem","position":2,"name":"Blog"}]},{"@type":"WebSite","@id":"http:\/\/psychosexo-therapie.com\/#website","url":"http:\/\/psychosexo-therapie.com\/","name":"Psychosexo-therapie","description":"A votre \u00e9coute, je suis pr\u00eat \u00e0 vous accompagner \u00e0 travers vos difficult\u00e9s vers un changement. ","potentialAction":[{"@type":"SearchAction","target":{"@type":"EntryPoint","urlTemplate":"http:\/\/psychosexo-therapie.com\/?s={search_term_string}"},"query-input":{"@type":"PropertyValueSpecification","valueRequired":true,"valueName":"search_term_string"}}],"inLanguage":"en-US"}]}},"jetpack_sharing_enabled":true,"_links":{"self":[{"href":"https:\/\/psychosexo-therapie.com\/index.php\/wp-json\/wp\/v2\/pages\/477","targetHints":{"allow":["GET"]}}],"collection":[{"href":"https:\/\/psychosexo-therapie.com\/index.php\/wp-json\/wp\/v2\/pages"}],"about":[{"href":"https:\/\/psychosexo-therapie.com\/index.php\/wp-json\/wp\/v2\/types\/page"}],"author":[{"embeddable":true,"href":"https:\/\/psychosexo-therapie.com\/index.php\/wp-json\/wp\/v2\/users\/1"}],"replies":[{"embeddable":true,"href":"https:\/\/psychosexo-therapie.com\/index.php\/wp-json\/wp\/v2\/comments?post=477"}],"version-history":[{"count":9,"href":"https:\/\/psychosexo-therapie.com\/index.php\/wp-json\/wp\/v2\/pages\/477\/revisions"}],"predecessor-version":[{"id":530,"href":"https:\/\/psychosexo-therapie.com\/index.php\/wp-json\/wp\/v2\/pages\/477\/revisions\/530"}],"wp:attachment":[{"href":"https:\/\/psychosexo-therapie.com\/index.php\/wp-json\/wp\/v2\/media?parent=477"}],"curies":[{"name":"wp","href":"https:\/\/api.w.org\/{rel}","templated":true}]}}